{"id":67,"date":"2017-12-01T21:09:29","date_gmt":"2017-12-01T21:09:29","guid":{"rendered":"https:\/\/import.themovation.com\/bellevue2\/hotel\/?page_id=369"},"modified":"2026-04-18T09:20:35","modified_gmt":"2026-04-18T07:20:35","slug":"home-slider-2","status":"publish","type":"page","link":"https:\/\/hotel-lecosy.fr\/","title":{"rendered":"Home &#8211; Slider"},"content":{"rendered":"\t\t<div data-elementor-type=\"wp-post\" data-elementor-id=\"67\" class=\"elementor elementor-67\">\n\t\t\t\t\t\t<div class=\"elementor-inner\">\n\t\t\t\t<div class=\"elementor-section-wrap\">\n\t\t\t\t\t\t\t\t\t<section class=\"elementor-section elementor-top-section elementor-element elementor-element-1c701846 elementor-section-full_width elementor-section-height-default elementor-section-height-default\" data-id=\"1c701846\" data-element_type=\"section\" data-settings=\"{&quot;background_background&quot;:&quot;classic&quot;}\">\n\t\t\t\t\t\t<div class=\"elementor-container elementor-column-gap-no\">\n\t\t\t\t\t\t\t<div class=\"elementor-row\">\n\t\t\t\t\t<div class=\"elementor-column elementor-col-100 elementor-top-column elementor-element elementor-element-70937a43\" data-id=\"70937a43\" data-element_type=\"column\">\n\t\t\t<div class=\"elementor-column-wrap elementor-element-populated\">\n\t\t\t\t\t\t\t<div class=\"elementor-widget-wrap\">\n\t\t\t\t\t\t<div class=\"elementor-element elementor-element-56e12954 elementor-widget elementor-widget-themo-slider\" data-id=\"56e12954\" data-element_type=\"widget\" data-widget_type=\"themo-slider.default\">\n\t\t\t\t<div class=\"elementor-widget-container\">\n\t\t\t\n\t\t<div id=\"main-flex-slider\" class=\"flexslider\">\n\t\t\t<ul class=\"slides\">\n\t\t\t\t\n                    \n                    \n\t\t\t\t\t\t\t\t\t\t                    \n                    <li class=\"elementor-repeater-item-209ad67\">\n\t\t\t\t\t\t<div class=\"slider-bg slide-cal-center \">\n                            <div class=\"th-slide-wrap th-slider-overlay has-image-bg\">\n                                <div class=\"th-slide-inner  th-right\">\n                                    <div class=\"th-slide-content\">\n                                                                                    <h1 class=\"slider-title\"> H\u00f4tel Le Cosy<\/h1>\n                                        \n                                                                                                                            <div class=\"th-btn-wrap\">\n                                                                                                                                                            <a class=\"btn-1 btn th-btn btn-ghost-light\" href=\"#rooms\">\n                                                                                                                            Trouver une Chambre                                                                                                                    <\/a>\n                                                                                                                                                                                                <\/div>\n                                        \n                                        \n                                                                                                                                                                            \n                                            <div><\/div>                                                                            <\/div>\n                                <\/div>\n\t\t\t\t\t\t\t<\/div>\n\t\t\t\t\t\t<\/div>\n\t\t\t\t\t<\/li>\n\t\t\t\t\t\t\t<\/ul>\n\n\t\t\t\t\t<\/div>\n\n\t\t<script>\n\t\t\tjQuery( function ( $ ) {\n\n\t\t\t\tthemo_start_flex_slider(\n\t\t\t\t\t'.flexslider',\n                    false,\n\t\t\t\t\t'fade',\n\t\t\t\t\t'swing',\n\t\t\t\t\ttrue,\n\t\t\t\t\ttrue,\n\t\t\t\t\t4000,\n\t\t\t\t\t550,\n\t\t\t\t\tfalse,\n\t\t\t\t\ttrue,\n\t\t\t\t\ttrue,\n\t\t\t\t\ttrue,\n\t\t\t\t\ttrue\t\t\t\t);\n\t\t\t} );\n\t\t<\/script>\n\t\t\t\t<\/div>\n\t\t\t\t<\/div>\n\t\t\t\t\t\t<\/div>\n\t\t\t\t\t<\/div>\n\t\t<\/div>\n\t\t\t\t\t\t\t\t<\/div>\n\t\t\t\t\t<\/div>\n\t\t<\/section>\n\t\t\t\t<section class=\"elementor-section elementor-top-section elementor-element elementor-element-6a2d42cf elementor-section-full_width elementor-section-height-default elementor-section-height-default\" data-id=\"6a2d42cf\" data-element_type=\"section\">\n\t\t\t\t\t\t<div class=\"elementor-container elementor-column-gap-no\">\n\t\t\t\t\t\t\t<div class=\"elementor-row\">\n\t\t\t\t\t<div class=\"elementor-column elementor-col-100 elementor-top-column elementor-element elementor-element-6b08fdce\" data-id=\"6b08fdce\" data-element_type=\"column\">\n\t\t\t<div class=\"elementor-column-wrap elementor-element-populated\">\n\t\t\t\t\t\t\t<div class=\"elementor-widget-wrap\">\n\t\t\t\t\t\t<div class=\"elementor-element elementor-element-504b9a19 elementor-arrows-position-inside elementor-widget elementor-widget-image-carousel\" data-id=\"504b9a19\" data-element_type=\"widget\" data-settings=\"{&quot;navigation&quot;:&quot;arrows&quot;,&quot;autoplay&quot;:&quot;yes&quot;,&quot;pause_on_hover&quot;:&quot;yes&quot;,&quot;pause_on_interaction&quot;:&quot;yes&quot;,&quot;autoplay_speed&quot;:5000,&quot;infinite&quot;:&quot;yes&quot;,&quot;speed&quot;:500}\" data-widget_type=\"image-carousel.default\">\n\t\t\t\t<div class=\"elementor-widget-container\">\n\t\t\t\t\t<div class=\"elementor-image-carousel-wrapper swiper-container\" dir=\"ltr\">\n\t\t\t<div class=\"elementor-image-carousel swiper-wrapper swiper-image-stretch\">\n\t\t\t\t\t\t\t\t<div class=\"swiper-slide\"><figure class=\"swiper-slide-inner\"><img decoding=\"async\" class=\"swiper-slide-image\" src=\"https:\/\/hotel-lecosy.fr\/wp-content\/uploads\/2026\/04\/20260402_1514480-1-605x465.jpg\" alt=\"20260402_151448(0)\" \/><\/figure><\/div><div class=\"swiper-slide\"><figure class=\"swiper-slide-inner\"><img decoding=\"async\" class=\"swiper-slide-image\" src=\"https:\/\/hotel-lecosy.fr\/wp-content\/uploads\/2026\/04\/20260327_111446-1-605x465.jpg\" alt=\"20260327_111446\" \/><\/figure><\/div><div class=\"swiper-slide\"><figure class=\"swiper-slide-inner\"><img decoding=\"async\" class=\"swiper-slide-image\" src=\"https:\/\/hotel-lecosy.fr\/wp-content\/uploads\/2026\/04\/20250607_111932-605x465.jpg\" alt=\"20250607_111932\" \/><\/figure><\/div><div class=\"swiper-slide\"><figure class=\"swiper-slide-inner\"><img decoding=\"async\" class=\"swiper-slide-image\" src=\"https:\/\/hotel-lecosy.fr\/wp-content\/uploads\/2026\/04\/20250320_1013160-1-605x465.jpg\" alt=\"20250320_101316(0) (1)\" \/><\/figure><\/div><div class=\"swiper-slide\"><figure class=\"swiper-slide-inner\"><img decoding=\"async\" class=\"swiper-slide-image\" src=\"https:\/\/hotel-lecosy.fr\/wp-content\/uploads\/2026\/04\/20230129_161702-605x465.jpg\" alt=\"20230129_161702\" \/><\/figure><\/div><div class=\"swiper-slide\"><figure class=\"swiper-slide-inner\"><img decoding=\"async\" class=\"swiper-slide-image\" src=\"https:\/\/hotel-lecosy.fr\/wp-content\/uploads\/2026\/04\/GARDEN-1-605x465.png\" alt=\"GARDEN\" \/><\/figure><\/div><div class=\"swiper-slide\"><figure class=\"swiper-slide-inner\"><img decoding=\"async\" class=\"swiper-slide-image\" src=\"https:\/\/hotel-lecosy.fr\/wp-content\/uploads\/2026\/04\/20230119_192513-605x465.jpg\" alt=\"20230119_192513\" \/><\/figure><\/div><div class=\"swiper-slide\"><figure class=\"swiper-slide-inner\"><img decoding=\"async\" class=\"swiper-slide-image\" src=\"https:\/\/hotel-lecosy.fr\/wp-content\/uploads\/2026\/04\/20260418_0843160-1-605x465.jpg\" alt=\"20260418_084316(0)\" \/><\/figure><\/div><div class=\"swiper-slide\"><figure class=\"swiper-slide-inner\"><img decoding=\"async\" class=\"swiper-slide-image\" src=\"https:\/\/hotel-lecosy.fr\/wp-content\/uploads\/2026\/04\/20260328_111006-8-605x465.jpg\" alt=\"20260328_111006\" \/><\/figure><\/div><div class=\"swiper-slide\"><figure class=\"swiper-slide-inner\"><img decoding=\"async\" class=\"swiper-slide-image\" src=\"https:\/\/hotel-lecosy.fr\/wp-content\/uploads\/2026\/04\/20260402_1220170-605x465.jpg\" alt=\"20260402_122017(0)\" \/><\/figure><\/div><div class=\"swiper-slide\"><figure class=\"swiper-slide-inner\"><img decoding=\"async\" class=\"swiper-slide-image\" src=\"https:\/\/hotel-lecosy.fr\/wp-content\/uploads\/2026\/04\/20260402_162404-9-605x465.jpg\" alt=\"20260402_162404\" \/><\/figure><\/div>\t\t\t<\/div>\n\t\t\t\t\t\t\t\t\t\t\t\t\t\t\t\t<div class=\"elementor-swiper-button elementor-swiper-button-prev\">\n\t\t\t\t\t\t<i aria-hidden=\"true\" class=\"eicon-chevron-left\"><\/i>\t\t\t\t\t\t<span class=\"elementor-screen-only\">Pr\u00e9c\u00e9dent<\/span>\n\t\t\t\t\t<\/div>\n\t\t\t\t\t<div class=\"elementor-swiper-button elementor-swiper-button-next\">\n\t\t\t\t\t\t<i aria-hidden=\"true\" class=\"eicon-chevron-right\"><\/i>\t\t\t\t\t\t<span class=\"elementor-screen-only\">Suivant<\/span>\n\t\t\t\t\t<\/div>\n\t\t\t\t\t\t\t\t\t<\/div>\n\t\t\t\t<\/div>\n\t\t\t\t<\/div>\n\t\t\t\t\t\t<\/div>\n\t\t\t\t\t<\/div>\n\t\t<\/div>\n\t\t\t\t\t\t\t\t<\/div>\n\t\t\t\t\t<\/div>\n\t\t<\/section>\n\t\t\t\t<section class=\"elementor-section elementor-top-section elementor-element elementor-element-1e19ddab elementor-section-height-min-height elementor-section-boxed elementor-section-height-default elementor-section-items-middle\" data-id=\"1e19ddab\" data-element_type=\"section\" data-settings=\"{&quot;background_background&quot;:&quot;classic&quot;}\">\n\t\t\t\t\t\t<div class=\"elementor-container elementor-column-gap-wider\">\n\t\t\t\t\t\t\t<div class=\"elementor-row\">\n\t\t\t\t\t<div class=\"elementor-column elementor-col-50 elementor-top-column elementor-element elementor-element-2c4c4b4f\" data-id=\"2c4c4b4f\" data-element_type=\"column\" data-settings=\"{&quot;background_background&quot;:&quot;classic&quot;}\">\n\t\t\t<div class=\"elementor-column-wrap elementor-element-populated\">\n\t\t\t\t\t\t\t<div class=\"elementor-widget-wrap\">\n\t\t\t\t\t\t<div class=\"elementor-element elementor-element-5cb0dde4 elementor-position-left elementor-view-default elementor-widget elementor-widget-themo-header\" data-id=\"5cb0dde4\" data-element_type=\"widget\" data-widget_type=\"themo-header.default\">\n\t\t\t\t<div class=\"elementor-widget-container\">\n\t\t\t\t\t<div class=\"th-header-wrap\">\n        <div class=\"elementor-icon-box-wrapper \">\n                            <div class=\"elementor-icon-box-content\">\n                    <h3 class=\"elementor-icon-box-title\">\n                        Bienvenue chez vous                    <\/h3>\n                                        <p class=\"elementor-icon-box-description\">Plages, calanques, visite, aqualand, karting, luna park, shopping, le march\u00e9, le march\u00e9 nocturne, venez d\u00e9couvrir tout ce que vous aimez...<\/p>\n\n                                    <\/div>\n            <\/div>\n\n        <\/div>\n\n\t\t\t\t<\/div>\n\t\t\t\t<\/div>\n\t\t\t\t\t\t<\/div>\n\t\t\t\t\t<\/div>\n\t\t<\/div>\n\t\t\t\t<div class=\"elementor-column elementor-col-50 elementor-top-column elementor-element elementor-element-7445060e\" data-id=\"7445060e\" data-element_type=\"column\" data-settings=\"{&quot;background_background&quot;:&quot;classic&quot;}\">\n\t\t\t<div class=\"elementor-column-wrap elementor-element-populated\">\n\t\t\t\t\t\t\t<div class=\"elementor-widget-wrap\">\n\t\t\t\t\t\t<div class=\"elementor-element elementor-element-772faaa4 elementor-aspect-ratio-169 elementor-widget elementor-widget-video\" data-id=\"772faaa4\" data-element_type=\"widget\" data-settings=\"{&quot;video_type&quot;:&quot;hosted&quot;,&quot;autoplay&quot;:&quot;yes&quot;,&quot;play_on_mobile&quot;:&quot;yes&quot;,&quot;mute&quot;:&quot;yes&quot;,&quot;loop&quot;:&quot;yes&quot;,&quot;controls&quot;:&quot;yes&quot;,&quot;aspect_ratio&quot;:&quot;169&quot;}\" data-widget_type=\"video.default\">\n\t\t\t\t<div class=\"elementor-widget-container\">\n\t\t\t\t\t<div class=\"e-hosted-video elementor-wrapper elementor-fit-aspect-ratio elementor-open-inline\">\n\t\t\t\t\t<video class=\"elementor-video\" src=\"https:\/\/hotel-lecosy.fr\/wp-content\/uploads\/2022\/05\/10-RAISONS-DAIMER-SAINT-AYGULF.mp4\" autoplay=\"\" loop=\"\" controls=\"\" muted=\"muted\" playsinline=\"\" controlsList=\"nodownload\"><\/video>\n\t\t\t\t<\/div>\n\t\t\t\t<\/div>\n\t\t\t\t<\/div>\n\t\t\t\t\t\t<\/div>\n\t\t\t\t\t<\/div>\n\t\t<\/div>\n\t\t\t\t\t\t\t\t<\/div>\n\t\t\t\t\t<\/div>\n\t\t<\/section>\n\t\t\t\t<section class=\"elementor-section elementor-top-section elementor-element elementor-element-71088924 elementor-section-boxed elementor-section-height-default elementor-section-height-default\" data-id=\"71088924\" data-element_type=\"section\" data-settings=\"{&quot;background_background&quot;:&quot;classic&quot;}\">\n\t\t\t\t\t\t<div class=\"elementor-container elementor-column-gap-default\">\n\t\t\t\t\t\t\t<div class=\"elementor-row\">\n\t\t\t\t\t<div class=\"elementor-column elementor-col-100 elementor-top-column elementor-element elementor-element-2659799f\" data-id=\"2659799f\" data-element_type=\"column\">\n\t\t\t<div class=\"elementor-column-wrap elementor-element-populated\">\n\t\t\t\t\t\t\t<div class=\"elementor-widget-wrap\">\n\t\t\t\t\t\t<div class=\"elementor-element elementor-element-5df7f27c elementor-widget elementor-widget-menu-anchor\" data-id=\"5df7f27c\" data-element_type=\"widget\" data-widget_type=\"menu-anchor.default\">\n\t\t\t\t<div class=\"elementor-widget-container\">\n\t\t\t\t\t<div id=\"rooms\" class=\"elementor-menu-anchor\"><\/div>\n\t\t\t\t<\/div>\n\t\t\t\t<\/div>\n\t\t\t\t<div class=\"elementor-element elementor-element-13c010b5 elementor-widget elementor-widget-spacer\" data-id=\"13c010b5\" data-element_type=\"widget\" data-widget_type=\"spacer.default\">\n\t\t\t\t<div class=\"elementor-widget-container\">\n\t\t\t\t\t<div class=\"elementor-spacer\">\n\t\t\t<div class=\"elementor-spacer-inner\"><\/div>\n\t\t<\/div>\n\t\t\t\t<\/div>\n\t\t\t\t<\/div>\n\t\t\t\t<div class=\"elementor-element elementor-element-a8f0654 elementor-view-default elementor-position-top elementor-widget elementor-widget-themo-header\" data-id=\"a8f0654\" data-element_type=\"widget\" data-widget_type=\"themo-header.default\">\n\t\t\t\t<div class=\"elementor-widget-container\">\n\t\t\t\t\t<div class=\"th-header-wrap\">\n        <div class=\"elementor-icon-box-wrapper \">\n                            <div class=\"elementor-icon-box-content\">\n                    <h2 class=\"elementor-icon-box-title\">\n                        CHAMBRES &amp; SUITES                    <\/h2>\n                                            <span class=\"th-header-divider\"><\/span>\n                                        <p class=\"elementor-icon-box-description\">Choisissez votre chambre ou votre suite.<\/p>\n\n                                    <\/div>\n            <\/div>\n\n        <\/div>\n\n\t\t\t\t<\/div>\n\t\t\t\t<\/div>\n\t\t\t\t<div class=\"elementor-element elementor-element-11a185e elementor-widget elementor-widget-themo-accommodation-grid\" data-id=\"11a185e\" data-element_type=\"widget\" data-widget_type=\"themo-accommodation-grid.default\">\n\t\t\t\t<div class=\"elementor-widget-container\">\n\t\t\t\n                <div id=\"th-portfolio-content-69e36500af9ea\" class=\"th-portfolio\">\n\n            \n            <div id=\"th-portfolio-row\" class=\"th-portfolio-row row portfolio_content  three-columns th-port-gutter\">\n\n                                        <div id=\"post-1010\" class=\"th-portfolio-item item col-md-4 col-sm-6 post-1010 mphb_room_type type-mphb_room_type status-publish format-standard has-post-thumbnail hentry mphb-room-type-adults-1 mphb-room-type-children-0 \">\n\n                                                        <div class=\"th-port-wrap\">\n                                                            <img loading=\"lazy\" decoding=\"async\" width=\"605\" height=\"605\" src=\"https:\/\/hotel-lecosy.fr\/wp-content\/uploads\/2023\/01\/20250227_124627-1-605x605.jpg\" class=\"img-responsive th-port-img wp-post-image\" alt=\"\" \/>                                                                <div class=\"th-port-overlay\"><\/div>\n                                <div class=\"th-port-inner\">\n                                                                        <div class=\"th-port-center\">\n                                        <h3 class=\"th-port-title\">CHAMBRE DOUBLE AVEC TERRASSE<\/h3>\n                                        <p class=\"th-port-sub th-auto-off\">CHAMBRE COSY TWIN\u2026<\/p>\n\n                                        \n                                                                            <\/div>\n                                    <a href=\"https:\/\/hotel-lecosy.fr\/?mphb_room_type=chambre-cosy\" class=\"th-port-link\" ><\/a>                                <\/div>\n                            <\/div>\n                                                    <\/div>\n                                                <div id=\"post-1023\" class=\"th-portfolio-item item col-md-4 col-sm-6 post-1023 mphb_room_type type-mphb_room_type status-publish format-standard has-post-thumbnail hentry mphb-room-type-adults-1 mphb-room-type-children-0 \">\n\n                                                        <div class=\"th-port-wrap\">\n                                                            <img loading=\"lazy\" decoding=\"async\" width=\"605\" height=\"605\" src=\"https:\/\/hotel-lecosy.fr\/wp-content\/uploads\/2023\/01\/20250428_141454-1-605x605.jpg\" class=\"img-responsive th-port-img wp-post-image\" alt=\"\" \/>                                                                <div class=\"th-port-overlay\"><\/div>\n                                <div class=\"th-port-inner\">\n                                                                        <div class=\"th-port-center\">\n                                        <h3 class=\"th-port-title\">CHAMBRE TRIPLE AVEC BAIGNOIRE<\/h3>\n                                        <p class=\"th-port-sub th-auto-off\">JUNIOR SUITE BAIN\u2026<\/p>\n\n                                        \n                                                                            <\/div>\n                                    <a href=\"https:\/\/hotel-lecosy.fr\/?mphb_room_type=chambre-6-2\" class=\"th-port-link\" ><\/a>                                <\/div>\n                            <\/div>\n                                                    <\/div>\n                                                <div id=\"post-1037\" class=\"th-portfolio-item item col-md-4 col-sm-6 post-1037 mphb_room_type type-mphb_room_type status-publish format-standard has-post-thumbnail hentry mphb-room-type-adults-1 mphb-room-type-children-0 \">\n\n                                                        <div class=\"th-port-wrap\">\n                                                            <img loading=\"lazy\" decoding=\"async\" width=\"605\" height=\"605\" src=\"https:\/\/hotel-lecosy.fr\/wp-content\/uploads\/2026\/04\/20260409_121115-5-605x605.jpg\" class=\"img-responsive th-port-img wp-post-image\" alt=\"\" \/>                                                                <div class=\"th-port-overlay\"><\/div>\n                                <div class=\"th-port-inner\">\n                                                                        <div class=\"th-port-center\">\n                                        <h3 class=\"th-port-title\">CHAMBRE TRIPLE AVEC DOUCHE<\/h3>\n                                        <p class=\"th-port-sub th-auto-off\">JUNIOR SUITE DOUCHE\u2026<\/p>\n\n                                        \n                                                                            <\/div>\n                                    <a href=\"https:\/\/hotel-lecosy.fr\/?mphb_room_type=chambre-4-2\" class=\"th-port-link\" ><\/a>                                <\/div>\n                            <\/div>\n                                                    <\/div>\n                                                <div id=\"post-1050\" class=\"th-portfolio-item item col-md-4 col-sm-6 post-1050 mphb_room_type type-mphb_room_type status-publish format-standard has-post-thumbnail hentry mphb-room-type-adults-1 mphb-room-type-children-0 \">\n\n                                                        <div class=\"th-port-wrap\">\n                                                            <img loading=\"lazy\" decoding=\"async\" width=\"605\" height=\"605\" src=\"https:\/\/hotel-lecosy.fr\/wp-content\/uploads\/2026\/04\/20260328_111006-6-605x605.jpg\" class=\"img-responsive th-port-img wp-post-image\" alt=\"\" \/>                                                                <div class=\"th-port-overlay\"><\/div>\n                                <div class=\"th-port-inner\">\n                                                                        <div class=\"th-port-center\">\n                                        <h3 class=\"th-port-title\">CHAMBRE DOUBLE AVEC TERRASSE<\/h3>\n                                        <p class=\"th-port-sub th-auto-off\">CHAMBRE DOUBLE AVEC\u2026<\/p>\n\n                                        \n                                                                            <\/div>\n                                    <a href=\"https:\/\/hotel-lecosy.fr\/?mphb_room_type=chambre-5-2\" class=\"th-port-link\" ><\/a>                                <\/div>\n                            <\/div>\n                                                    <\/div>\n                                                <div id=\"post-1062\" class=\"th-portfolio-item item col-md-4 col-sm-6 post-1062 mphb_room_type type-mphb_room_type status-publish format-standard has-post-thumbnail hentry mphb-room-type-adults-1 mphb-room-type-children-0 \">\n\n                                                        <div class=\"th-port-wrap\">\n                                                            <img loading=\"lazy\" decoding=\"async\" width=\"605\" height=\"605\" src=\"https:\/\/hotel-lecosy.fr\/wp-content\/uploads\/2023\/01\/20260407_120620-1-605x605.jpg\" class=\"img-responsive th-port-img wp-post-image\" alt=\"\" \/>                                                                <div class=\"th-port-overlay\"><\/div>\n                                <div class=\"th-port-inner\">\n                                                                        <div class=\"th-port-center\">\n                                        <h3 class=\"th-port-title\">PETITE CHAMBRE DOUBLE<\/h3>\n                                        <p class=\"th-port-sub th-auto-off\">CHAMBRE COSYNETTE BAIN\u2026<\/p>\n\n                                        \n                                                                            <\/div>\n                                    <a href=\"https:\/\/hotel-lecosy.fr\/?mphb_room_type=chambre-2-2\" class=\"th-port-link\" ><\/a>                                <\/div>\n                            <\/div>\n                                                    <\/div>\n                                                <div id=\"post-1199\" class=\"th-portfolio-item item col-md-4 col-sm-6 post-1199 mphb_room_type type-mphb_room_type status-publish format-standard has-post-thumbnail hentry mphb-room-type-adults-1 mphb-room-type-children-0 \">\n\n                                                        <div class=\"th-port-wrap\">\n                                                            <img loading=\"lazy\" decoding=\"async\" width=\"605\" height=\"605\" src=\"https:\/\/hotel-lecosy.fr\/wp-content\/uploads\/2023\/01\/20260402_160652-1-605x605.jpg\" class=\"img-responsive th-port-img wp-post-image\" alt=\"\" \/>                                                                <div class=\"th-port-overlay\"><\/div>\n                                <div class=\"th-port-inner\">\n                                                                        <div class=\"th-port-center\">\n                                        <h3 class=\"th-port-title\">CHAMBRE DOUBLE STANDARD<\/h3>\n                                        <p class=\"th-port-sub th-auto-off\">Queen Size Douche\u2026<\/p>\n\n                                        \n                                                                            <\/div>\n                                    <a href=\"https:\/\/hotel-lecosy.fr\/?mphb_room_type=chambre-21-2\" class=\"th-port-link\" ><\/a>                                <\/div>\n                            <\/div>\n                                                    <\/div>\n                        \n            <\/div>\n\n        <\/div>\n\n        \t\t<\/div>\n\t\t\t\t<\/div>\n\t\t\t\t<div class=\"elementor-element elementor-element-48c4435 elementor-button-info elementor-align-right elementor-widget elementor-widget-button\" data-id=\"48c4435\" data-element_type=\"widget\" data-widget_type=\"button.default\">\n\t\t\t\t<div class=\"elementor-widget-container\">\n\t\t\t\t\t<div class=\"elementor-button-wrapper\">\n\t\t\t<a href=\"https:\/\/hotel-lecosy.fr\/?page_id=59\" class=\"elementor-button-link elementor-button elementor-size-sm\" role=\"button\">\n\t\t\t\t\t\t<span class=\"elementor-button-content-wrapper\">\n\t\t\t\t\t\t<span class=\"elementor-button-text\">Liste de Chambres<\/span>\n\t\t<\/span>\n\t\t\t\t\t<\/a>\n\t\t<\/div>\n\t\t\t\t<\/div>\n\t\t\t\t<\/div>\n\t\t\t\t<div class=\"elementor-element elementor-element-75835391 elementor-widget elementor-widget-spacer\" data-id=\"75835391\" data-element_type=\"widget\" data-widget_type=\"spacer.default\">\n\t\t\t\t<div class=\"elementor-widget-container\">\n\t\t\t\t\t<div class=\"elementor-spacer\">\n\t\t\t<div class=\"elementor-spacer-inner\"><\/div>\n\t\t<\/div>\n\t\t\t\t<\/div>\n\t\t\t\t<\/div>\n\t\t\t\t\t\t<\/div>\n\t\t\t\t\t<\/div>\n\t\t<\/div>\n\t\t\t\t\t\t\t\t<\/div>\n\t\t\t\t\t<\/div>\n\t\t<\/section>\n\t\t\t\t\t\t\t\t\t<\/div>\n\t\t\t<\/div>\n\t\t\t\t\t<\/div>\n\t\t","protected":false},"excerpt":{"rendered":"<p>H\u00f4tel Le Cosy\u2026<\/p>\n","protected":false},"author":1,"featured_media":0,"parent":0,"menu_order":4,"comment_status":"closed","ping_status":"closed","template":"","meta":{"footnotes":""},"class_list":["post-67","page","type-page","status-publish","hentry"],"_links":{"self":[{"href":"https:\/\/hotel-lecosy.fr\/index.php?rest_route=\/wp\/v2\/pages\/67","targetHints":{"allow":["GET"]}}],"collection":[{"href":"https:\/\/hotel-lecosy.fr\/index.php?rest_route=\/wp\/v2\/pages"}],"about":[{"href":"https:\/\/hotel-lecosy.fr\/index.php?rest_route=\/wp\/v2\/types\/page"}],"author":[{"embeddable":true,"href":"https:\/\/hotel-lecosy.fr\/index.php?rest_route=\/wp\/v2\/users\/1"}],"replies":[{"embeddable":true,"href":"https:\/\/hotel-lecosy.fr\/index.php?rest_route=%2Fwp%2Fv2%2Fcomments&post=67"}],"version-history":[{"count":217,"href":"https:\/\/hotel-lecosy.fr\/index.php?rest_route=\/wp\/v2\/pages\/67\/revisions"}],"predecessor-version":[{"id":2349,"href":"https:\/\/hotel-lecosy.fr\/index.php?rest_route=\/wp\/v2\/pages\/67\/revisions\/2349"}],"wp:attachment":[{"href":"https:\/\/hotel-lecosy.fr\/index.php?rest_route=%2Fwp%2Fv2%2Fmedia&parent=67"}],"curies":[{"name":"wp","href":"https:\/\/api.w.org\/{rel}","templated":true}]}}